{"id":10,"date":"2019-01-13T22:23:03","date_gmt":"2019-01-13T22:23:03","guid":{"rendered":"http:\/\/www.systemowesufitypodwieszane.pl\/?page_id=10"},"modified":"2022-07-16T11:17:26","modified_gmt":"2022-07-16T11:17:26","slug":"my","status":"publish","type":"page","link":"https:\/\/www.systemowesufitypodwieszane.pl\/?page_id=10","title":{"rendered":"MY"},"content":{"rendered":"\n<div class=\"wp-block-columns alignwide is-layout-flex wp-container-core-columns-is-layout-9d6595d7 wp-block-columns-is-layout-flex\">\n<div class=\"wp-block-column is-layout-flow wp-block-column-is-layout-flow\" style=\"flex-basis:100%\">\n<p class=\"has-drop-cap has-text-align-left has-text-color has-background has-medium-font-size\" style=\"background-color:#f8f5f5;color:#140462\">Oferujemy us\u0142ugi w zakresie podwieszanych sufit\u00f3w systemowych typu AMF, Armstrong, Rockfon, Ecophone oraz sufity typu G-K czy \u0142\u0105czone GK-systemowy. Jeste\u015bmy firm\u0105 z wieloletnim do\u015bwiadczeniem. Mamy za sob\u0105 wiele zrealizowanych projekt\u00f3w co da\u0142o nam ogromne do\u015bwiadczenie w r\u00f3\u017cnych &#8211; cz\u0119sto nietypowych rozwi\u0105zaniach i projektach. Wsp\u00f3\u0142pracujemy z najwi\u0119kszymi Generalnymi Wykonawcami &#8211; BUDIMEX, ALSTAL Grupa Budowlana, TRASKO INVEST oraz z lokalnymi: GOTECH, DXP,  EUROTECHNIKA a ostatnio &#8230;<br>Najlepsz\u0105 nasz\u0105 wizyt\u00f3wk\u0105 s\u0105 wykonane przez nas prace, kt\u00f3rymi mo\u017cemy si\u0119 poszczyci\u0107. Mo\u017cemy do nich zaliczy\u0107: Lubuski Urz\u0105d Wojew\u00f3dzki w Gorzowie Wielkopolskim, \u0141\u0105cznik Wojew\u00f3dzkiego Urz\u0119du Lubuskiego &#8211; Biuro Paszportowe, Radiologia przy Wielospecjalistycznym Szpitalu Wojew\u00f3dzkim w Gorzowie Wielkopolskim czy te\u017c Hajuk Kominki, I.M.C. Poland &#8211; rozbudowa cz\u0119\u015bci biurowej&#8230;<br>Bierzemy r\u00f3wnie\u017c udzia\u0142 w realizacji mniejszych projekt\u00f3w tj. Miejski O\u015brodek Pomocy Spo\u0142ecznej w Brzozowcu, Bierzwniku czy Biblioteka w Baczynie. Ostatnio realizujemy r\u00f3wnie\u017c prace dla os\u00f3b indywidualnych. Zaliczaj\u0105 si\u0119 do nich mi\u0119dzy innymi: budowa dom\u00f3w i fundament\u00f3w, budowa i remonty dach\u00f3w, budowa drewnianych altanek i taras\u00f3w, odwodnienia i przy\u0142\u0105cza wodne, budowa przydomowych oczyszczalni a nawet bardziej skomplikowanych jak budowa szybu windowego&#8230;<\/p>\n<\/div>\n<\/div>\n\n\n\n<div class=\"wp-block-columns alignwide is-layout-flex wp-container-core-columns-is-layout-9d6595d7 wp-block-columns-is-layout-flex\">\n<div class=\"wp-block-column is-layout-flow wp-block-column-is-layout-flow\" style=\"flex-basis:100%\">\n<p class=\"has-drop-cap has-text-color has-background has-medium-font-size\" style=\"background-color:#ffe8e8;color:#180468\">Podwieszane sufity systemowe to nie tylko praca, kt\u00f3r\u0105 wykonujemy. To pasja, kt\u00f3r\u0105 doskonalimy, ulepszamy. Zdecydowanie jest to co\u015b, co bardzo lubimy robi\u0107. Jak do wielu rzeczy &#8211; podchodzimy do wykonywanych przez nas prac zadaniowo. Zale\u017cy nam na tym, by wykonane przez nas prace broni\u0142y si\u0119 same. Nasz\u0105 zdecydowan\u0105 przewag\u0105 nad konkurencjom jest czas wykonania, precyzja, dok\u0142adno\u015b\u0107 detali, szczeg\u00f3\u0142\u00f3w. Zale\u017cy nam r\u00f3wnie\u017c na zadowoleniu Inwestora czy Generalnego z kt\u00f3rym wsp\u00f3\u0142pracujemy. Do prac, kt\u00f3re wykonujemy nie podchodzimy &#8211; bo musimy. Podchodzimy, bo chcemy. Nie zatrzymujemy si\u0119 te\u017c w miejscu. Ci\u0105gle usprawniamy nasze zaplecze sprz\u0119towo-technologiczne. Zapraszamy do wsp\u00f3\u0142pracy Inwestor\u00f3w oraz Generalnych Wykonawc\u00f3w wi\u0119kszych obiekt\u00f3w. Mimo stosunkowo niewielkiego zespo\u0142u nie boimy si\u0119 wyzwa\u0144 w postaci du\u017cych inwestycji.<\/p>\n<\/div>\n<\/div>\n\n\n\n<p><\/p>\n","protected":false},"excerpt":{"rendered":"<p>Oferujemy us\u0142ugi w zakresie podwieszanych sufit\u00f3w systemowych typu AMF, Armstrong, Rockfon, Ecophone oraz sufity typu G-K czy \u0142\u0105czone GK-systemowy. Jeste\u015bmy firm\u0105 z wieloletnim do\u015bwiadczeniem. Mamy za sob\u0105 wiele zrealizowanych projekt\u00f3w co da\u0142o nam ogromne do\u015bwiadczenie w r\u00f3\u017cnych &#8211; cz\u0119sto nietypowych rozwi\u0105zaniach i projektach. Wsp\u00f3\u0142pracujemy z najwi\u0119kszymi Generalnymi Wykonawcami &#8211; BUDIMEX, ALSTAL Grupa Budowlana, TRASKO INVEST &hellip;<\/p>\n","protected":false},"author":1,"featured_media":0,"parent":0,"menu_order":0,"comment_status":"closed","ping_status":"closed","template":"","meta":{"footnotes":""},"class_list":["post-10","page","type-page","status-publish","hentry","post","without-featured-image"],"_links":{"self":[{"href":"https:\/\/www.systemowesufitypodwieszane.pl\/index.php?rest_route=\/wp\/v2\/pages\/10","targetHints":{"allow":["GET"]}}],"collection":[{"href":"https:\/\/www.systemowesufitypodwieszane.pl\/index.php?rest_route=\/wp\/v2\/pages"}],"about":[{"href":"https:\/\/www.systemowesufitypodwieszane.pl\/index.php?rest_route=\/wp\/v2\/types\/page"}],"author":[{"embeddable":true,"href":"https:\/\/www.systemowesufitypodwieszane.pl\/index.php?rest_route=\/wp\/v2\/users\/1"}],"replies":[{"embeddable":true,"href":"https:\/\/www.systemowesufitypodwieszane.pl\/index.php?rest_route=%2Fwp%2Fv2%2Fcomments&post=10"}],"version-history":[{"count":9,"href":"https:\/\/www.systemowesufitypodwieszane.pl\/index.php?rest_route=\/wp\/v2\/pages\/10\/revisions"}],"predecessor-version":[{"id":381,"href":"https:\/\/www.systemowesufitypodwieszane.pl\/index.php?rest_route=\/wp\/v2\/pages\/10\/revisions\/381"}],"wp:attachment":[{"href":"https:\/\/www.systemowesufitypodwieszane.pl\/index.php?rest_route=%2Fwp%2Fv2%2Fmedia&parent=10"}],"curies":[{"name":"wp","href":"https:\/\/api.w.org\/{rel}","templated":true}]}}